{"id":77,"date":"2018-09-04T07:01:22","date_gmt":"2018-09-04T07:01:22","guid":{"rendered":"http:\/\/impactxpo.ch\/?page_id=77"},"modified":"2018-11-08T12:52:39","modified_gmt":"2018-11-08T12:52:39","slug":"partner","status":"publish","type":"page","link":"https:\/\/impactxpo.ch\/?page_id=77","title":{"rendered":"Partner"},"content":{"rendered":"<h1 style=\"text-align: left;\">Ein Teil der Zukunft sein?<\/h1>\n<h2>Der Event<\/h2>\n<p>Der geplante Event steht f\u00fcr eine innovative und fortschrittliche Schweiz und wird die drei Kernthemen Mobilit\u00e4t, Innovation und Ressourcen-Nachhaltigkeit f\u00fcr die breite Bev\u00f6lkerung, wie auch f\u00fcr Exponenten von Beh\u00f6rden und Unternehmen greif- und erlebbar machen.<\/p>\n<p>Diese drei Themen sind zwar heute bereits aktuell; eine gesteigerte Sensibilisierung auf diesem Bereich ist jedoch der Schl\u00fcssel f\u00fcr eine gesunde Wirtschaft. Durch die Veranstaltung soll anhand innovativer Firmen auch die Chance der Digitalisierung auf verschiedenen Ebenen aufgezeigt werden.<\/p>\n<p>Konkrete Beispiele: Moderne Mobilit\u00e4tsformen, Mittel zur Steigerung der Energie- und Ressourceneffizienz sowie die Chancen und Gefahren der Digitalisierung und zuk\u00fcnftigen Technologien.<\/p>\n<h2>Ihre M\u00f6glichkeiten als Partner<\/h2>\n<p>Nebst attraktiven Partner-Arrangements stehen verschiedene Sponsoring-<br \/>\nM\u00f6glichkeiten zur Verf\u00fcgung, wo Sie Ihre Firma oder Ihre Dienstleistungen entsprechend pr\u00e4sentieren k\u00f6nnen.<\/p>\n<p>Gerne helfen wir Ihnen bei der Umsetzung von Ideen f\u00fcr Ihren perfekten Auftritt an unserem Event. Nehmen Sie mit uns Kontakt auf und teilen Sie<br \/>\nuns Ihre W\u00fcnsche mit.<\/p>\n<h3>Wir bieten Ihnen:<\/h3>\n<ul>\n<li>Top positionierte Publikumsmesse mit nationaler Ausstrahlung<\/li>\n<li>kompetente Plattform mit breitem Netzwerk<\/li>\n<li>attraktive Messeplattform f\u00fcr die Kundenpflege und Neukunden<\/li>\n<li>Pr\u00e4senz \/ Sichtbarkeit Ihres Unternehmens<\/li>\n<li>individueller Auftritt<\/li>\n<li>Flexibilit\u00e4t<\/li>\n<li>Kommunikationsleistungen \/ Medienpr\u00e4senz<\/li>\n<\/ul>\n<h3 style=\"text-align: left;\"><a href=\"http:\/\/impactxpo.ch\/?page_id=73\">F\u00fcr mehr Details melden Sie sich bitte bei uns<\/a><\/h3>\n<p>&nbsp;<\/p>\n<h4 style=\"text-align: left;\">Auf folgende Partner k\u00f6nnen wir bereits z\u00e4hlen:<\/h4>\n<ul>\n<li style=\"text-align: left;\">OLMA Messen<\/li>\n<li style=\"text-align: left;\">myClimate<\/li>\n<\/ul>\n","protected":false},"excerpt":{"rendered":"<p>Ein Teil der Zukunft sein? Der Event Der geplante Event steht f\u00fcr eine innovative und fortschrittliche Schweiz und wird die drei Kernthemen Mobilit\u00e4t, Innovation und Ressourcen-Nachhaltigkeit f\u00fcr die breite Bev\u00f6lkerung, wie auch f\u00fcr Exponenten von Beh\u00f6rden und Unternehmen greif- und erlebbar machen. Diese drei Themen sind zwar heute bereits aktuell; eine gesteigerte Sensibilisierung auf diesem &hellip; <\/p>\n<p class=\"link-more\"><a href=\"https:\/\/impactxpo.ch\/?page_id=77\" class=\"more-link\"><span class=\"screen-reader-text\">\u201ePartner\u201c <\/span>weiterlesen<\/a><\/p>\n","protected":false},"author":3,"featured_media":0,"parent":0,"menu_order":2,"comment_status":"closed","ping_status":"closed","template":"","meta":{"footnotes":""},"class_list":["post-77","page","type-page","status-publish","hentry"],"_links":{"self":[{"href":"https:\/\/impactxpo.ch\/index.php?rest_route=\/wp\/v2\/pages\/77","targetHints":{"allow":["GET"]}}],"collection":[{"href":"https:\/\/impactxpo.ch\/index.php?rest_route=\/wp\/v2\/pages"}],"about":[{"href":"https:\/\/impactxpo.ch\/index.php?rest_route=\/wp\/v2\/types\/page"}],"author":[{"embeddable":true,"href":"https:\/\/impactxpo.ch\/index.php?rest_route=\/wp\/v2\/users\/3"}],"replies":[{"embeddable":true,"href":"https:\/\/impactxpo.ch\/index.php?rest_route=%2Fwp%2Fv2%2Fcomments&post=77"}],"version-history":[{"count":1,"href":"https:\/\/impactxpo.ch\/index.php?rest_route=\/wp\/v2\/pages\/77\/revisions"}],"predecessor-version":[{"id":151,"href":"https:\/\/impactxpo.ch\/index.php?rest_route=\/wp\/v2\/pages\/77\/revisions\/151"}],"wp:attachment":[{"href":"https:\/\/impactxpo.ch\/index.php?rest_route=%2Fwp%2Fv2%2Fmedia&parent=77"}],"curies":[{"name":"wp","href":"https:\/\/api.w.org\/{rel}","templated":true}]}}