{"id":7,"date":"2018-08-22T19:42:25","date_gmt":"2018-08-22T19:42:25","guid":{"rendered":"http:\/\/impactxpo.ch\/?page_id=7"},"modified":"2019-01-06T11:14:27","modified_gmt":"2019-01-06T11:14:27","slug":"impactxpo-startseite","status":"publish","type":"page","link":"https:\/\/impactxpo.ch\/","title":{"rendered":"Willkommen"},"content":{"rendered":"<p style=\"text-align: left;\">Die erste nationale Messe, welche die gesamte Ressourcenkette von Produktion, effizienter und intelligenter Nutzung, Wiederverwendung sowie Recycling von verschiedenen Energie- und Mobilit\u00e4tsformen unter einem Dach vereint. S<span style=\"font-size: 1rem;\">\u00e4mtliche Mobilit\u00e4tsformen, gepaart mit\u00a0<\/span>Innovativen L\u00f6sungen zum Thema Digitalisierung, unter Ber\u00fccksichtigung\u00a0verschiedener Stakeholder aus den Bereichen Industrie, Verkehr,\u00a0Verwaltung, Beh\u00f6rden, Landwirtschaft und Energieeffizienz werden gezeigt. Begleitet wird\u00a0der Event durch ein Forum und politischen Vorst\u00f6ssen zu den drei\u00a0Kernthemen<br \/>\nMOBILIT\u00c4T &#8211; INNOVATION &#8211; RESSOURCEN.<\/p>\n<p style=\"text-align: left;\">Der geplante Event steht f\u00fcr eine innovative und fortschrittliche Schweiz und wird die drei Kernthemen f\u00fcr die breite Bev\u00f6lkerung, wie auch f\u00fcr Exponenten von Beh\u00f6rden und Unternehmen greif- und erlebbar machen.<\/p>\n<p>\u25a0 WAS<br \/>\nAusstellung, Themenpark,\u00a0Erlebniswelten, Forum,\u00a0Startup-Zone, Business Lounge,\u00a0Driving Experience, Gastronomie<\/p>\n<p>\u25a0 WER<br \/>\nInnovative Firmen, Hochschulen und Forschung, Mobilit\u00e4tsanbieter, Automobilbranche,\u00a0Lade-Infrastruktur,\u00a0Energiesysteme, Dienstleistungsanbieter,\u00a0Bund und Beh\u00f6rden, Politik, Landwirtschaft, Verb\u00e4nde und Parteien<\/p>\n<p>\u25a0 WO<br \/>\nOLMA Messen Halle 9.1, St. Gallen \/\u00a0\u00a0Fr\u00fchjahr 2020<\/p>\n","protected":false},"excerpt":{"rendered":"<p>Die erste nationale Messe, welche die gesamte Ressourcenkette von Produktion, effizienter und intelligenter Nutzung, Wiederverwendung sowie Recycling von verschiedenen Energie- und Mobilit\u00e4tsformen unter einem Dach vereint. S\u00e4mtliche Mobilit\u00e4tsformen, gepaart mit\u00a0Innovativen L\u00f6sungen zum Thema Digitalisierung, unter Ber\u00fccksichtigung\u00a0verschiedener Stakeholder aus den Bereichen Industrie, Verkehr,\u00a0Verwaltung, Beh\u00f6rden, Landwirtschaft und Energieeffizienz werden gezeigt. Begleitet wird\u00a0der Event durch ein Forum und &hellip; <\/p>\n<p class=\"link-more\"><a href=\"https:\/\/impactxpo.ch\/\" class=\"more-link\"><span class=\"screen-reader-text\">\u201eWillkommen\u201c <\/span>weiterlesen<\/a><\/p>\n","protected":false},"author":3,"featured_media":119,"parent":0,"menu_order":0,"comment_status":"closed","ping_status":"closed","template":"","meta":{"footnotes":""},"class_list":["post-7","page","type-page","status-publish","has-post-thumbnail","hentry"],"_links":{"self":[{"href":"https:\/\/impactxpo.ch\/index.php?rest_route=\/wp\/v2\/pages\/7","targetHints":{"allow":["GET"]}}],"collection":[{"href":"https:\/\/impactxpo.ch\/index.php?rest_route=\/wp\/v2\/pages"}],"about":[{"href":"https:\/\/impactxpo.ch\/index.php?rest_route=\/wp\/v2\/types\/page"}],"author":[{"embeddable":true,"href":"https:\/\/impactxpo.ch\/index.php?rest_route=\/wp\/v2\/users\/3"}],"replies":[{"embeddable":true,"href":"https:\/\/impactxpo.ch\/index.php?rest_route=%2Fwp%2Fv2%2Fcomments&post=7"}],"version-history":[{"count":5,"href":"https:\/\/impactxpo.ch\/index.php?rest_route=\/wp\/v2\/pages\/7\/revisions"}],"predecessor-version":[{"id":152,"href":"https:\/\/impactxpo.ch\/index.php?rest_route=\/wp\/v2\/pages\/7\/revisions\/152"}],"wp:featuredmedia":[{"embeddable":true,"href":"https:\/\/impactxpo.ch\/index.php?rest_route=\/wp\/v2\/media\/119"}],"wp:attachment":[{"href":"https:\/\/impactxpo.ch\/index.php?rest_route=%2Fwp%2Fv2%2Fmedia&parent=7"}],"curies":[{"name":"wp","href":"https:\/\/api.w.org\/{rel}","templated":true}]}}